{"id":2391,"date":"2023-10-18T10:03:30","date_gmt":"2023-10-18T08:03:30","guid":{"rendered":"https:\/\/gaborautomentes.hu\/?page_id=2391"},"modified":"2023-12-05T16:07:44","modified_gmt":"2023-12-05T15:07:44","slug":"informatii-privind-prelucrarea-datelor","status":"publish","type":"page","link":"https:\/\/gaborautomentes.hu\/ro\/informatii-privind-prelucrarea-datelor\/","title":{"rendered":"Informa\u021bii privind prelucrarea datelor"},"content":{"rendered":"\n<p>Operatorul de date (Furnizor)<\/p>\n\n\n\n<p><strong>Numele Furnizorului:<\/strong> Varga G\u00e1bor E.V.<\/p>\n\n\n\n<p><strong>Sediu:<\/strong> 6000 Kecskem\u00e9t, Strada K\u0151h\u00edd 22.<\/p>\n\n\n\n<p><strong>Loca\u021bia:<\/strong> 6000 Kecskem\u00e9t, Strada K\u0151h\u00edd 22.<\/p>\n\n\n\n<p><strong>Adresa po\u0219tal\u0103:<\/strong> 6000 Kecskem\u00e9t, Strada K\u0151h\u00edd 22.<\/p>\n\n\n\n<p><strong>Num\u0103r de \u00eenregistrare:<\/strong> 53628349<\/p>\n\n\n\n<p><strong>Cod fiscal:<\/strong> 69748202-1-23<\/p>\n\n\n\n<p><strong>Adresa de e-mail:<\/strong> gaborautomentes@gmail.com<\/p>\n\n\n\n<p><strong>Site web:<\/strong> gaborautomentes.hu<\/p>\n\n\n\n<p><strong>Num\u0103r de telefon:<\/strong> +36 70 291 33 91<\/p>\n\n\n\n<p><strong>Numele furnizorului de hosting:<\/strong> OneWeb Kft.<\/p>\n\n\n\n<p><strong>Adresa furnizorului de hosting:<\/strong> 2800 Tatab\u00e1nya, Strada Kom\u00e1romi 64.<\/p>\n\n\n\n<ol class=\"wp-block-list\">\n<li>Principiile prelucr\u0103rii datelor; securitatea datelor<\/li>\n<\/ol>\n\n\n\n<p><strong>1.1.<\/strong> Furnizorul, ca Operator de date (denumit \u00een continuare: Operatorul de date), se angajeaz\u0103 s\u0103 prelucreze datele personale cunoscute \u00een cursul activit\u0103\u021bii sale \u00een conformitate cu prevederile legale \u00een vigoare &#8211; conform informa\u021biilor privind protec\u021bia datelor &#8211; a\u0219a cum sunt stipulate.<\/p>\n\n\n\n<p>Operatorul de date prelucreaz\u0103 datele personale doar \u00een scopuri specificate, pentru exercitarea drepturilor \u0219i \u00eendeplinirea obliga\u021biilor.<\/p>\n\n\n\n<p>Prelucrarea \u0219i \u00eenregistrarea datelor &#8211; \u00een toate etapele prelucr\u0103rii datelor &#8211; respect\u0103 cerin\u021bele de corectitudine \u0219i legalitate.<\/p>\n\n\n\n<p>Operatorul de date prelucreaz\u0103 numai acele date personale care sunt esen\u021biale pentru realizarea scopului prelucr\u0103rii datelor \u0219i sunt adecvate pentru atingerea acestui scop. Operatorul de date prelucreaz\u0103 datele personale numai \u00een m\u0103sura \u0219i pentru durata necesar\u0103 realiz\u0103rii scopului.<\/p>\n\n\n\n<p>Operatorul de date asigur\u0103 \u00een toate etapele prelucr\u0103rii datelor c\u0103 persoana vizat\u0103 poate afla oric\u00e2nd care sunt scopurile prelucr\u0103rii datelor de c\u0103tre Operatorul de date \u0219i ce tipuri de date sunt prelucrate, \u0219i poate interzice oric\u00e2nd prelucrarea datelor &#8211; cu excep\u021bia prelucr\u0103rii datelor obligatorii.<\/p>\n\n\n\n<p>Scopul prelucr\u0103rii datelor \u0219i domeniul datelor prelucrate sunt con\u021binute \u00een acest Informa\u021bii privind prelucrarea datelor, sec\u021biunea 2.\/.<\/p>\n\n\n\n<p>Aceast\u0103 informa\u021bie privind protec\u021bia datelor este conform\u0103 \u0219i \u00een conformitate cu urm\u0103toarele legi:<\/p>\n\n\n\n<p>\u2022 Legea nr. CVIII din 2001 privind serviciile de comer\u021b electronic \u0219i anumite aspecte ale serviciilor societ\u0103\u021bii informa\u021bionale<\/p>\n\n\n\n<p>\u2022 Legea nr. CXII din 2011 privind dreptul la autodeterminare informa\u021bional\u0103 \u0219i libertatea de informare<\/p>\n\n\n\n<p><strong>1.2.<\/strong> Operatorul de date planific\u0103 \u0219i execut\u0103 opera\u021biunile de prelucrare a datelor \u00eentr-un mod care s\u0103 asigure protec\u021bia sferei private a persoanelor vizate.<\/p>\n\n\n\n<p>Operatorul de date asigur\u0103 securitatea datelor \u0219i ia m\u0103surile tehnice \u0219i organizatorice necesare, precum \u0219i stabile\u0219te regulile de procedur\u0103 necesare pentru aplicarea Legii nr. CXII din 2011, precum \u0219i a altor reguli privind protec\u021bia datelor \u0219i a secretelor.<\/p>\n\n\n\n<p>Operatorul de date protejeaz\u0103 datele prin m\u0103suri adecvate \u00eempotriva accesului neautorizat, modific\u0103rii, transmiterii, divulg\u0103rii publice, precum \u0219i \u00eempotriva \u0219tergerii sau distrugerii, precum \u0219i a distrugerii accidentale, deterior\u0103rii, precum \u0219i a inaccesibilit\u0103\u021bii cauzate de schimbarea tehnologiei aplicate.<\/p>\n\n\n\n<ol class=\"wp-block-list\" start=\"2\">\n<li>Baza legal\u0103 a prelucr\u0103rii datelor; scopul; datele prelucrate<\/li>\n<\/ol>\n\n\n\n<p><strong>2.1.<\/strong> Datele personale pot fi prelucrate dac\u0103 persoana vizat\u0103 consimte sau dac\u0103 este ordonat\u0103 de lege sau &#8211; pe baza autoriza\u021biei legii, \u00een limitele specificate \u00een aceasta &#8211; de c\u0103tre un regulament local de interes public.<\/p>\n\n\n\n<p><strong>2.2.<\/strong> Consim\u021b\u0103m\u00e2ntul persoanei vizate minor sub 16 ani nu necesit\u0103 consim\u021b\u0103m\u00e2ntul sau aprobarea ulterioar\u0103 a reprezentantului s\u0103u legal.<\/p>\n\n\n\n<p><strong>2.3.<\/strong> \u00cen cazul \u00eenregistr\u0103rii pe site \u0219i trimiterea buletinului informativ, prelucrarea datelor se bazeaz\u0103 pe declara\u021bia de consim\u021b\u0103m\u00e2nt voluntar\u0103 a persoanei vizate &#8211; cu informa\u021bii adecvate. Declara\u021bia persoanei vizate este dat\u0103 \u00eenainte de \u00eenregistrare Operatorului de date astfel \u00eenc\u00e2t, \u00een timpul procesului de \u00eenregistrare, s\u0103 plaseze un \u201eX\u201d cu un clic \u00een caseta mic\u0103 care apare l\u00e2ng\u0103 Informa\u021biile privind protec\u021bia datelor. \u00cenainte de a da consim\u021b\u0103m\u00e2ntul, Operatorul de date poate citi \u0219i \u00een\u021belege \u00een detaliu con\u021binutul acestei Informa\u021bii privind prelucrarea datelor. Prin consim\u021b\u0103m\u00e2ntul s\u0103u, persoana vizat\u0103 accept\u0103 con\u021binutul Informa\u021biilor privind prelucrarea datelor.<\/p>\n\n\n\n<p>Aceast\u0103 Informa\u021bie privind prelucrarea datelor este disponibil\u0103 \u00een mod constant \u00een subsolul site-ului web.<\/p>\n\n\n\n<p>Dac\u0103 Utilizatorul dore\u0219te s\u0103 primeasc\u0103 buletinul informativ, atunci poate consim\u021bi la acest lucru \u00een timpul sau dup\u0103 \u00eenregistrare pe site, astfel \u00eenc\u00e2t s\u0103 plaseze un \u201eX\u201d cu un clic \u00een caseta mic\u0103 care apare l\u00e2ng\u0103 \u201eAbonare la buletinul informativ\u201d.<\/p>\n\n\n\n<p><strong>2.4. <\/strong>Operatorul de date prelucreaz\u0103 urm\u0103toarele date:<\/p>\n\n\n\n<p>\u00cen cazul \u00eenregistr\u0103rii: numele persoanei vizate (nume, prenume); adresa de e-mail; jude\u021bul \u0219i ora\u0219ul; referire la faptul c\u0103 a \u00eemplinit v\u00e2rsta de 16 ani.<\/p>\n\n\n\n<p>\u00cen cazul trimiterea buletinului informativ: numele persoanei vizate (nume, prenume); adresa de e-mail; jude\u021bul \u0219i ora\u0219ul<\/p>\n\n\n\n<p><strong>2.5.<\/strong> Scopurile prelucr\u0103rii datelor: \u00cenregistrarea pe site (primul scop) \u0219i trimiterea buletinului informativ (al doilea scop)<\/p>\n\n\n\n<p>Baza legal\u0103 a prelucr\u0103rii datelor: consim\u021b\u0103m\u00e2ntul voluntar al persoanei vizate<\/p>\n\n\n\n<p>Durata prelucr\u0103rii datelor:<\/p>\n\n\n\n<p>\u00cen cazul \u00eenregistr\u0103rii: P\u00e2n\u0103 la \u0219tergerea contului de utilizator &#8211; ini\u021biat\u0103 de utilizator<\/p>\n\n\n\n<p>\u00cen cazul trimiterea buletinului informativ: P\u00e2n\u0103 la ziua dezabon\u0103rii de la buletinul informativ<\/p>\n\n\n\n<p><strong>2.6. <\/strong>Persoanele autorizate la prelucrarea \u0219i procesarea datelor: Directorul curent al furnizorului, respectiv angaja\u021bii s\u0103i. Datele prelucrate sunt cunoscute doar de directorul curent \u0219i de angaja\u021bii s\u0103i.<\/p>\n\n\n\n<p><strong>2.7.<\/strong> Operatorul de date nu transfer\u0103 datele asociate utiliz\u0103rii serviciilor c\u0103tre o ter\u021b\u0103 parte. Operatorul de date nu transmite datele prelucrate c\u0103tre un operator de date sau un procesor de date dintr-o \u021bar\u0103 ter\u021b\u0103.<\/p>\n\n\n\n<p><strong>2.8.<\/strong> Operatorul de date \u00ee\u0219i rezerv\u0103 dreptul &#8211; \u0219i este de asemenea obligat &#8211; s\u0103 modifice unilateral aceast\u0103 informa\u021bie privind protec\u021bia datelor, astfel \u00eenc\u00e2t s\u0103 fie \u00eentotdeauna conform\u0103 cu cerin\u021bele legale \u00een vigoare.<\/p>\n\n\n\n<ol class=\"wp-block-list\" start=\"3\">\n<li>Drepturile persoanei vizate<\/li>\n<\/ol>\n\n\n\n<p><strong>3.1.<\/strong> Persoana vizat\u0103 poate solicita operatorului de date informa\u021bii despre prelucrarea datelor sale personale. La cererea persoanei vizate, Operatorul de Date furnizeaz\u0103 informa\u021bii despre datele procesate sau prelucrate, scopul prelucr\u0103rii datelor, baza legal\u0103, durata, numele \u0219i adresa procesatorului de date \u0219i despre activit\u0103\u021bile legate de prelucrarea datelor.<\/p>\n\n\n\n<p>Operatorul de Date va furniza informa\u021biile solicitate \u00een scris \u2013 \u00een cel mai scurt timp posibil de la depunerea cererii, dar nu mai t\u00e2rziu de 25 de zile.<\/p>\n\n\n\n<p><strong>3.2.<\/strong> Persoana vizat\u0103 poate solicita operatorului de date corectarea datelor sale personale.<\/p>\n\n\n\n<p>Dac\u0103 datele personale nu corespund realit\u0103\u021bii \u0219i datele personale corecte sunt la dispozi\u021bia Operatorului de Date, acesta va corecta datele personale.<\/p>\n\n\n\n<p><strong>3.3.<\/strong> Persoana vizat\u0103 poate solicita operatorului de date \u0219tergerea sau blocarea datelor sale personale.<\/p>\n\n\n\n<p>Datele personale trebuie \u0219terse dac\u0103:<\/p>\n\n\n\n<p>prelucrarea este ilegal\u0103;<\/p>\n\n\n\n<p>persoana vizat\u0103 o solicit\u0103;<\/p>\n\n\n\n<p>sunt incomplete sau incorecte;<\/p>\n\n\n\n<p>scopul prelucr\u0103rii datelor a \u00eencetat sau termenul de stocare a expirat;<\/p>\n\n\n\n<p>a fost ordonat de instan\u021b\u0103 sau de Autoritate.<\/p>\n\n\n\n<p>Operatorul de Date poate refuza \u0219tergerea datelor personale ale persoanei vizate doar \u00een cazurile de prelucrare obligatorie a datelor (de exemplu, obliga\u021bia de p\u0103strare a facturilor conform legii contabilit\u0103\u021bii).<\/p>\n\n\n\n<p>\u00cen loc de \u0219tergere, Operatorul de Date va bloca datele personale dac\u0103 persoana vizat\u0103 o solicit\u0103, sau dac\u0103 pe baza informa\u021biilor disponibile se presupune c\u0103 \u0219tergerea ar \u00eenc\u0103lca interesele legitime ale persoanei vizate. Datele personale blocate pot fi prelucrate doar p\u00e2n\u0103 c\u00e2nd scopul prelucr\u0103rii datelor care a interzis \u0219tergerea este valabil. Dac\u0103 Operatorul de Date nu \u00eendepline\u0219te cererea persoanei vizate pentru corectare, blocare sau \u0219tergere, acesta va comunica \u00een scris sau prin mijloace electronice cu acordul persoanei vizate, \u00een termen de 25 de zile de la primirea cererii, motivele factuale \u0219i juridice ale refuzului cererii de corectare, blocare sau \u0219tergere. \u00cen cazul respingerii cererii de corectare, \u0219tergere sau blocare, Operatorul de Date va informa persoana vizat\u0103 despre posibilitatea de a c\u0103uta remediere judiciar\u0103 \u0219i de a contacta Autoritatea.<\/p>\n\n\n\n<ol class=\"wp-block-list\" start=\"4\">\n<li>Remedierea judiciar\u0103; daune; compensa\u021bie pentru prejudiciu<\/li>\n<\/ol>\n\n\n\n<p><strong>4.1.<\/strong> \u00cen cazul \u00eenc\u0103lc\u0103rii drepturilor sale, persoana vizat\u0103 se poate adresa instan\u021bei \u00eempotriva Operatorului de Date.<\/p>\n\n\n\n<p>Dac\u0103 Operatorul de Date cauzeaz\u0103 prejudicii altora prin prelucrarea ilegal\u0103 a datelor persoanei vizate sau prin \u00eenc\u0103lcarea cerin\u021belor de securitate a datelor, acesta este obligat s\u0103 desp\u0103gubeasc\u0103.<\/p>\n\n\n\n<p>Dac\u0103 Operatorul de Date \u00eencalc\u0103 drepturile de personalitate ale persoanei vizate prin prelucrarea ilegal\u0103 a datelor acesteia sau prin \u00eenc\u0103lcarea cerin\u021belor de securitate a datelor, persoana vizat\u0103 poate solicita Operatorului de Date compensa\u021bie pentru prejudiciu.<\/p>\n\n\n\n<p><strong>4.2.<\/strong> Orice persoan\u0103 poate ini\u021bia o investiga\u021bie \u00een fa\u021ba Autorit\u0103\u021bii Na\u021bionale pentru Protec\u021bia Datelor \u0219i a Libert\u0103\u021bii Informa\u021bionale (ANPD) prin depunerea unei pl\u00e2ngeri, sus\u021bin\u00e2nd c\u0103 a avut loc o \u00eenc\u0103lcare a drepturilor legate de prelucrarea datelor personale sau c\u0103 exist\u0103 un risc iminent.<\/p>\n\n\n\n<p>Date de contact ANPD:<\/p>\n\n\n\n<p>Adres\u0103 po\u0219tal\u0103: 1363 Budapesta, Pf.: 9.<\/p>\n\n\n\n<p>Sediu: 1055 Budapesta, Strada Falk Miksa 9-11.<\/p>\n\n\n\n<p>Telefon: +36 (1) 391-1400<\/p>\n\n\n\n<p>Fax: +36 (1) 391-1410<\/p>\n\n\n\n<p>E-mail: <a href=\"mailto:ugyfelszolgalat@naih.hu\">ugyfelszolgalat@naih.hu<\/a><\/p>\n\n\n\n<p>URL: <a href=\"http:\/\/naih.hu\">http:\/\/naih.hu<\/a><\/p>\n\n\n\n<ol class=\"wp-block-list\" start=\"5\">\n<li>\u00cen cadrul prezentei Politici de Confiden\u021bialitate, termenii utiliza\u021bi sunt:<\/li>\n<\/ol>\n\n\n\n<p><strong>Subiect: <\/strong>orice persoan\u0103 fizic\u0103 determinat\u0103, identificat\u0103 sau identificabil\u0103 pe baza datelor personale &#8211; direct sau indirect<\/p>\n\n\n\n<p><strong>date personale:<\/strong> datele ce pot fi asociate cu subiectul &#8211; \u00een special numele subiectului, identificatorul, precum \u0219i una sau mai multe cuno\u0219tin\u021be specifice despre identitatea fizic\u0103, fiziologic\u0103, mental\u0103, economic\u0103, cultural\u0103 sau social\u0103 a subiectului, \u0219i concluziile ce pot fi trase despre subiect din aceste date;<\/p>\n\n\n\n<p><strong>consim\u021b\u0103m\u00e2nt: <\/strong>declara\u021bia voluntar\u0103 \u0219i explicit\u0103 a voin\u021bei subiectului, bazat\u0103 pe informa\u021bii adecvate, prin care acesta \u00ee\u0219i exprim\u0103 \u00een mod neechivoc acordul pentru prelucrarea datelor personale ce \u00eel privesc &#8211; fie \u00een mod complet, fie pentru anumite opera\u021biuni<\/p>\n\n\n\n<p><strong>opunere: <\/strong>declara\u021bia subiectului prin care acesta obiecteaz\u0103 la prelucrarea datelor sale personale \u0219i solicit\u0103 \u00eencetarea prelucr\u0103rii sau \u0219tergerea datelor prelucrate<\/p>\n\n\n\n<p><strong>Operator de date:<\/strong> persoana fizic\u0103 sau juridic\u0103, sau organiza\u021bia f\u0103r\u0103 personalitate juridic\u0103 care, singur\u0103 sau \u00eempreun\u0103 cu al\u021bii, determin\u0103 scopurile \u0219i mijloacele de prelucrare a datelor; ia decizii privind prelucrarea datelor (inclusiv instrumentele utilizate) \u0219i le execut\u0103 sau le face executate prin intermediul unui procesator de date<\/p>\n\n\n\n<p><strong>prelucrarea datelor: <\/strong>orice opera\u021biune sau set de opera\u021biuni efectuate asupra datelor, indiferent de procedura aplicat\u0103, cum ar fi colectarea, \u00eenregistrarea, organizarea, stocarea, modificarea, utilizarea, interogarea, transmiterea, publicarea, alinierea sau combinarea, blocarea, \u0219tergerea \u0219i distrugerea datelor, precum \u0219i prevenirea utiliz\u0103rii ulterioare a datelor, crearea de fotografii, \u00eenregistr\u0103ri audio sau video, precum \u0219i \u00eenregistrarea caracteristicilor fizice ce pot fi utilizate pentru identificarea persoanei (ex. amprentele digitale sau palmare, mostre de ADN, scanarea irisului);<\/p>\n\n\n\n<p><strong>transferul datelor: <\/strong>punerea datelor la dispozi\u021bia unei ter\u021be p\u0103r\u021bi specificate;<\/p>\n\n\n\n<p><strong>\u0219tergerea datelor: <\/strong>transformarea datelor \u00eentr-o form\u0103 nerecunoscut\u0103 astfel \u00eenc\u00e2t restaurarea lor s\u0103 nu mai fie posibil\u0103;<\/p>\n\n\n\n<p><strong>blocarea datelor:<\/strong> marcarea datelor cu un identificator pentru a restric\u021biona prelucrarea lor permanent sau pentru o perioad\u0103 determinat\u0103;<\/p>\n\n\n\n<p><strong>distrugerea datelor: <\/strong>distrugerea fizic\u0103 total\u0103 a suportului de date care con\u021bine datele<\/p>\n\n\n\n<p><strong>procesarea datelor: <\/strong>efectuarea de sarcini tehnice legate de opera\u021biunile de prelucrare a datelor, indiferent de metodele \u0219i instrumentele utilizate pentru executarea acestor opera\u021biuni \u0219i de locul unde acestea sunt efectuate, at\u00e2ta timp c\u00e2t sarcinile tehnice sunt efectuate asupra datelor<\/p>\n\n\n\n<p><strong>procesator de date:<\/strong> persoana fizic\u0103 sau juridic\u0103, sau organiza\u021bia f\u0103r\u0103 personalitate juridic\u0103 care, pe baza unui contract &#8211; inclusiv unul stabilit prin prevederi legale &#8211; efectueaz\u0103 prelucrarea datelor<\/p>\n\n\n\n<p><strong>fi\u0219ier de date:<\/strong> totalitatea datelor gestionate \u00eentr-un singur registru<\/p>\n\n\n\n<p><strong>ter\u021b\u0103 parte:<\/strong> o persoan\u0103 fizic\u0103 sau juridic\u0103, sau o organiza\u021bie f\u0103r\u0103 personalitate juridic\u0103, care nu este identic\u0103 cu subiectul, operatorul de date sau procesatorul de date.<\/p>\n\n\n\n<p><strong>Stat membru SEE:<\/strong> un stat membru al Uniunii Europene \u0219i alt stat parte la Acordul privind Spa\u021biul Economic European, precum \u0219i statul a c\u0103rui cet\u0103\u021benie este echivalent\u0103 cu cet\u0103\u021benia unui stat membru al Spa\u021biului Economic European, conform unui tratat interna\u021bional \u00eencheiat \u00eentre Uniunea European\u0103 \u0219i statele membre ale acesteia \u0219i un stat care nu este parte la Acordul privind Spa\u021biul Economic European<\/p>\n\n\n\n<p><strong>\u021bar\u0103 ter\u021b\u0103: <\/strong>orice stat care nu este un stat membru al SEE.<\/p>\n\n\n\n<p>Dac\u0103 ave\u021bi \u00eentreb\u0103ri legate de prelucrarea datelor de c\u0103tre compania noastr\u0103, v\u0103 rug\u0103m s\u0103 ne contacta\u021bi. Datele noastre de contact:<\/p>\n\n\n\n<p><strong>Numele furnizorului: <\/strong>Varga G\u00e1bor E.V.<\/p>\n\n\n\n<p><strong>Sediul:<\/strong> 6000 Kecskem\u00e9t, K\u0151h\u00edd utca 22.<\/p>\n\n\n\n<p><strong>Adresa de e-mail:<\/strong> gaborautomentes@gmail.com<\/p>\n\n\n\n<p><strong>Site web:<\/strong> gaborautomentes.hu<\/p>\n\n\n\n<p><strong>Num\u0103r de telefon: <\/strong>+36 70 291 33 91<\/p>\n\n\n\n<p><strong>Modificarea deciziei privind cookie-urile: <\/strong>[cookies_revoke]<\/p>\n","protected":false},"excerpt":{"rendered":"<p>Operatorul de date (Furnizor) Numele Furnizorului: Varga G\u00e1bor E.V. Sediu: 6000 Kecskem\u00e9t, Strada K\u0151h\u00edd 22. Loca\u021bia: 6000 Kecskem\u00e9t, Strada K\u0151h\u00edd 22. Adresa po\u0219tal\u0103: 6000 Kecskem\u00e9t, Strada K\u0151h\u00edd 22. Num\u0103r de \u00eenregistrare: 53628349 Cod fiscal: 69748202-1-23 Adresa de e-mail: gaborautomentes@gmail.com Site web: gaborautomentes.hu Num\u0103r de telefon: +36 70 291 33 91 Numele furnizorului de hosting: OneWeb &#8230; <a title=\"Informa\u021bii privind prelucrarea datelor\" class=\"read-more\" href=\"https:\/\/gaborautomentes.hu\/ro\/informatii-privind-prelucrarea-datelor\/\" aria-label=\"Cite\u0219te mai multe despre Informa\u021bii privind prelucrarea datelor\">Cite\u0219te mai mult<\/a><\/p>\n","protected":false},"author":3,"featured_media":0,"parent":0,"menu_order":0,"comment_status":"closed","ping_status":"open","template":"","meta":{"_seopress_robots_primary_cat":"","_seopress_titles_title":"","_seopress_titles_desc":"","_seopress_robots_index":"","_gspb_post_css":"","inline_featured_image":false,"footnotes":""},"class_list":["post-2391","page","type-page","status-publish"],"_links":{"self":[{"href":"https:\/\/gaborautomentes.hu\/ro\/wp-json\/wp\/v2\/pages\/2391","targetHints":{"allow":["GET"]}}],"collection":[{"href":"https:\/\/gaborautomentes.hu\/ro\/wp-json\/wp\/v2\/pages"}],"about":[{"href":"https:\/\/gaborautomentes.hu\/ro\/wp-json\/wp\/v2\/types\/page"}],"author":[{"embeddable":true,"href":"https:\/\/gaborautomentes.hu\/ro\/wp-json\/wp\/v2\/users\/3"}],"replies":[{"embeddable":true,"href":"https:\/\/gaborautomentes.hu\/ro\/wp-json\/wp\/v2\/comments?post=2391"}],"version-history":[{"count":2,"href":"https:\/\/gaborautomentes.hu\/ro\/wp-json\/wp\/v2\/pages\/2391\/revisions"}],"predecessor-version":[{"id":2397,"href":"https:\/\/gaborautomentes.hu\/ro\/wp-json\/wp\/v2\/pages\/2391\/revisions\/2397"}],"wp:attachment":[{"href":"https:\/\/gaborautomentes.hu\/ro\/wp-json\/wp\/v2\/media?parent=2391"}],"curies":[{"name":"wp","href":"https:\/\/api.w.org\/{rel}","templated":true}]}}